{"id":82,"date":"2020-01-30T12:37:21","date_gmt":"2020-01-30T12:37:21","guid":{"rendered":"https:\/\/klabauterlinge-kassel.de\/?page_id=82"},"modified":"2024-07-22T09:45:07","modified_gmt":"2024-07-22T09:45:07","slug":"startseite","status":"publish","type":"page","link":"https:\/\/klabauterlinge-kassel.de\/","title":{"rendered":"Startseite"},"content":{"rendered":"\n<div class=\"wp-block-group ticss-60d4cd8d\"><div class=\"wp-block-group__inner-container is-layout-flow wp-block-group-is-layout-flow\">\n<p class=\"has-vivid-cyan-blue-color has-text-color\" style=\"font-size:26px\"><em><strong>Willkommen bei der Kindertagespflege &#8222;Die Klabauterlinge&#8220; in Kassel, <em><strong>Harleshausen<\/strong><\/em>.<\/strong><\/em><\/p>\n\n\n\n<div class=\"wp-block-image\"><figure class=\"aligncenter size-full\"><img loading=\"lazy\" decoding=\"async\" width=\"2160\" height=\"486\" src=\"https:\/\/klabauterlinge-kassel.de\/wp-content\/uploads\/2020\/01\/logo4k.png\" alt=\"\" class=\"wp-image-58\" srcset=\"https:\/\/klabauterlinge-kassel.de\/wp-content\/uploads\/2020\/01\/logo4k.png 2160w, https:\/\/klabauterlinge-kassel.de\/wp-content\/uploads\/2020\/01\/logo4k-300x68.png 300w, https:\/\/klabauterlinge-kassel.de\/wp-content\/uploads\/2020\/01\/logo4k-1024x230.png 1024w, https:\/\/klabauterlinge-kassel.de\/wp-content\/uploads\/2020\/01\/logo4k-768x173.png 768w, https:\/\/klabauterlinge-kassel.de\/wp-content\/uploads\/2020\/01\/logo4k-1536x346.png 1536w, https:\/\/klabauterlinge-kassel.de\/wp-content\/uploads\/2020\/01\/logo4k-2048x461.png 2048w\" sizes=\"(max-width: 2160px) 100vw, 2160px\" \/><\/figure><\/div>\n\n\n\n<p class=\"has-white-color has-pale-cyan-blue-background-color has-text-color has-background has-medium-font-size\"><br>Wir sind zwei Erzieherinnen, die die Weiterbildung zur Kindertagespflegeperson abgeschlossen haben um nun im Rahmen einer Kindertagespflege Kleinkinder von 0 bis 3 Jahre geborgen und sicher betreuen zu k\u00f6nnen. Unsere Arbeit mit Kindern bedeutet f\u00fcr uns, ihnen auf Augenh\u00f6he zu begegnen und ihre nat\u00fcrliche Begeisterungsf\u00e4higkeit zu nutzen, die sich schon in den kleinsten allt\u00e4glichen Situationen zeigt und die die Grundlage f\u00fcr alle Lernprozesse bildet. <br>Die <strong>individuelle Entwicklung jedes einzelnen Kindes steht bei uns im Vordergrund <\/strong>und stellt somit die Basis f\u00fcr unsere p\u00e4dagogische Arbeit dar.&nbsp;<br><\/p>\n<\/div><\/div>\n\n\n\n<p> <\/p>\n\n\n\n<p><\/p>\n\n\n\n<div class=\"wp-block-columns is-layout-flex wp-container-core-columns-is-layout-1 wp-block-columns-is-layout-flex\">\n<div class=\"wp-block-column is-layout-flow wp-block-column-is-layout-flow\">\n<p class=\"has-very-light-gray-color has-vivid-green-cyan-background-color has-text-color has-background has-normal-font-size\"><img loading=\"lazy\" decoding=\"async\" width=\"150\" height=\"8\" class=\"wp-image-138\" style=\"width: 150px;\" src=\"https:\/\/klabauterlinge-kassel.de\/wp-content\/uploads\/2020\/02\/header1.png\" alt=\"\"><br><strong>Unsere Betreuungszeiten<br><\/strong><br>Montag &amp; Freitag:<br>8:00 &#8211; 14:30 Uhr<br>Dienstag &#8211; Donnerstag:<br>8:00 &#8211; 15:30 Uhr<br><br>Unsere Adresse:<br>Wolfhager Stra\u00dfe 419 | 34128 Kassel<br><br>Schauen Sie sich gerne <strong><em><a href=\"https:\/\/klabauterlinge-kassel.de\/index.php\/eindruecke\/\" data-type=\"page\" data-id=\"417\">unsere R\u00e4umlichkeiten<\/a><\/em><\/strong> an.<\/p>\n\n\n\n<p class=\"has-white-color has-vivid-cyan-blue-background-color has-text-color has-background has-normal-font-size\"><img loading=\"lazy\" decoding=\"async\" width=\"150\" height=\"8\" class=\"wp-image-142\" style=\"width: 150px;\" src=\"https:\/\/klabauterlinge-kassel.de\/wp-content\/uploads\/2020\/02\/header5.png\" alt=\"\"><br><strong>Unser Alltag<\/strong><br><br>Um sich sicher und geborgen zu f\u00fchlen, ben\u00f6tigen Kinder einen verl\u00e4sslichen Tagesablauf. Dessen sind wir uns bewusst und gestalten <a href=\"https:\/\/klabauterlinge-kassel.de\/index.php\/unser-alltag\/\" data-type=\"page\" data-id=\"147\"><em><strong>unseren Alltag<\/strong><\/em><\/a> mit den Kindern entsprechend.<\/p>\n<\/div>\n\n\n\n<div class=\"wp-block-column is-layout-flow wp-block-column-is-layout-flow\">\n<p class=\"has-very-light-gray-color has-pale-pink-background-color has-text-color has-background has-normal-font-size\"><img loading=\"lazy\" decoding=\"async\" width=\"150\" height=\"8\" class=\"wp-image-139\" style=\"width: 150px;\" src=\"https:\/\/klabauterlinge-kassel.de\/wp-content\/uploads\/2020\/02\/header2.png\" alt=\"\"><br><strong>\u00dcber Uns<\/strong><br><br>Wir hei\u00dfen Julia Gries und Tanja Sch\u00e4fer, sind beide staatlich anerkannte Erzieherinnen und haben uns hier in Kirchditmold unseren Traum von einer Kleinstgruppe realisiert, in dem wir die Qualifizierung zur Tagespflegeperson durchlaufen haben.<br>Unsere Leidenschaft ist es, Kinder zu begleiten und sie bei der Entwicklung ihrer Pers\u00f6nlichkeit zu unterst\u00fctzen. Dabei steht die Individualit\u00e4t eines jeden Kindes im Fokus unserer Arbeit.<br><br>Gerne erz\u00e4hlen wir Ihnen kurz etwas <em><a href=\"https:\/\/klabauterlinge-kassel.de\/index.php\/ueber-uns\/\"><strong>\u00fcber uns<\/strong><\/a><\/em>, damit Sie sich einen ersten Eindruck machen k\u00f6nnen.<\/p>\n\n\n\n<p class=\"has-white-color has-text-color has-background\" style=\"background-color:#4f9871\">Die Zeit in der Kindertagespflege vergeht oft wie im Flug und ganz schnell wird aus einem kleinen Klabauterling ein gro\u00dfes Kindergartenkind. <br>Mit diesem Bewusstsein hat sich aus unserer Elternschaft heraus eine Elterninitiative gegr\u00fcndet, die durch den gemeinn\u00fctzigen Verein &#8222;Klabauter e.V.&#8220; eine Anschlussbetreuung in Form eines <a href=\"https:\/\/klabauterlinge-kassel.de\/index.php\/wie-geht-es-weiter\/\" data-type=\"page\" data-id=\"479\"><strong><em>Naturkindergartens <\/em><\/strong><\/a>f\u00fcr die Klabauterlinge und weitere interessierte Familien ins Leben ruft. Der geplante Start ist f\u00fcr das Fr\u00fchjahr 2021 angedacht.<\/p>\n<\/div>\n\n\n\n<div class=\"wp-block-column is-layout-flow wp-block-column-is-layout-flow\">\n<p class=\"has-very-light-gray-color has-luminous-vivid-amber-background-color has-text-color has-background has-normal-font-size\"><img loading=\"lazy\" decoding=\"async\" width=\"150\" height=\"8\" class=\"wp-image-140\" style=\"width: 150px;\" src=\"https:\/\/klabauterlinge-kassel.de\/wp-content\/uploads\/2020\/02\/header3.png\" alt=\"\"><br><strong>Gruppengr\u00f6\u00dfe<\/strong><br><br>Wir bieten insgesamt 10 Pl\u00e4tze f\u00fcr Kinder im Alter von 0 bis 3 Jahren und verteilen diese auf jeweils 5 Kinder pro Tagespflegeperson.  Damit hat jede Gruppe eine feste Bezugsperon, an die sie sich wenden kann und die ihnen Trost und Sicherheit gibt. <br><br>Erfahren Sie mehr \u00fcber <strong><em><a href=\"https:\/\/klabauterlinge-kassel.de\/index.php\/unser-konzept\/\" data-type=\"page\" data-id=\"377\">unser Konzept<\/a><\/em><\/strong>.<br><\/p>\n\n\n\n<p class=\"has-white-color has-light-green-cyan-background-color has-text-color has-background\"><img loading=\"lazy\" decoding=\"async\" width=\"150\" height=\"8\" class=\"wp-image-142\" style=\"width: 150px;\" src=\"https:\/\/klabauterlinge-kassel.de\/wp-content\/uploads\/2020\/02\/header5.png\" alt=\"\"><br><strong>Kontakt<\/strong><br><br>Der erste Eindruck hat Ihnen gefallen und Sie m\u00f6chten sich vor Ort ein Bild von uns und unseren R\u00e4umlichkeiten machen? Wir freuen uns immer, wenn Eltern mit uns <em><a href=\"https:\/\/klabauterlinge-kassel.de\/index.php\/kontakt\/\" data-type=\"page\" data-id=\"314\"><strong>Kontakt<\/strong><\/a> <\/em>aufnehmen und einen Termin zum pers\u00f6nlichen Kennenlernen vereinbaren.<\/p>\n<\/div>\n<\/div>\n\n\n\n<p><\/p>\n","protected":false},"excerpt":{"rendered":"<p>Willkommen bei der Kindertagespflege &#8222;Die Klabauterlinge&#8220; in Kassel, Harleshausen. Wir sind zwei Erzieherinnen, die die Weiterbildung zur Kindertagespflegeperson abgeschlossen haben um nun im Rahmen einer<\/p>\n","protected":false},"author":1,"featured_media":0,"parent":0,"menu_order":0,"comment_status":"closed","ping_status":"closed","template":"","meta":{"footnotes":""},"class_list":["post-82","page","type-page","status-publish","hentry"],"uagb_featured_image_src":{"full":false,"thumbnail":false,"medium":false,"medium_large":false,"large":false,"1536x1536":false,"2048x2048":false,"opus-blog-thumbnail-size":false,"opus-blog-related-size":false},"uagb_author_info":{"display_name":"admin","author_link":"https:\/\/klabauterlinge-kassel.de\/index.php\/author\/klabauterlinge\/"},"uagb_comment_info":0,"uagb_excerpt":"Willkommen bei der Kindertagespflege &#8222;Die Klabauterlinge&#8220; in Kassel, Harleshausen. Wir sind zwei Erzieherinnen, die die Weiterbildung zur Kindertagespflegeperson abgeschlossen haben um nun im Rahmen einer","_links":{"self":[{"href":"https:\/\/klabauterlinge-kassel.de\/index.php\/wp-json\/wp\/v2\/pages\/82"}],"collection":[{"href":"https:\/\/klabauterlinge-kassel.de\/index.php\/wp-json\/wp\/v2\/pages"}],"about":[{"href":"https:\/\/klabauterlinge-kassel.de\/index.php\/wp-json\/wp\/v2\/types\/page"}],"author":[{"embeddable":true,"href":"https:\/\/klabauterlinge-kassel.de\/index.php\/wp-json\/wp\/v2\/users\/1"}],"replies":[{"embeddable":true,"href":"https:\/\/klabauterlinge-kassel.de\/index.php\/wp-json\/wp\/v2\/comments?post=82"}],"version-history":[{"count":97,"href":"https:\/\/klabauterlinge-kassel.de\/index.php\/wp-json\/wp\/v2\/pages\/82\/revisions"}],"predecessor-version":[{"id":570,"href":"https:\/\/klabauterlinge-kassel.de\/index.php\/wp-json\/wp\/v2\/pages\/82\/revisions\/570"}],"wp:attachment":[{"href":"https:\/\/klabauterlinge-kassel.de\/index.php\/wp-json\/wp\/v2\/media?parent=82"}],"curies":[{"name":"wp","href":"https:\/\/api.w.org\/{rel}","templated":true}]}}